{"id":8,"date":"2026-01-25T12:50:09","date_gmt":"2026-01-25T12:50:09","guid":{"rendered":"https:\/\/www.hinterdorf.li\/?page_id=8"},"modified":"2026-02-16T14:10:07","modified_gmt":"2026-02-16T14:10:07","slug":"ueber-uns","status":"publish","type":"page","link":"https:\/\/www.hinterdorf.li\/?page_id=8","title":{"rendered":"\u00dcber uns"},"content":{"rendered":"\n<p>Im Jahr 1971 wurde die Funkenzunft Hinterdorf gegr\u00fcndet.<br>Der erster Funkenmeister hiess Hasler Arthur.<br>Der aktuelle Funkenmeister ist Batlineer Patrick<br>Der aktuelle Vietze Funkenmeister Wohlwend Steffan<br>Wir sind 49 Mitglieder davon 39 Aktive und 13 Kinder die zusammen das Funkenjahr<br>durchleben.<br>Unser Funkenplatz liegt auf G\u00fcadiga und ist in fast ganz Eschen gut sichtbar.<br>Baudetails: Wir bauen unseren Funken mit drei Latten die ca. 12 Meter lang sind. Sie werden<br>gut einen Meter tief eingegraben und im Dreieck 1.8 Meter auseinander aufgerichtet. Das<br>ergibt ein Volumen von rund 18 Kubik. Dazu ben\u00f6tigen wir in etwa 400 B\u00f6schali die wir in<br>den umliegenden W\u00e4ldern, Windschutzstreifen und Privatg\u00e4rten zusammen b\u00f6schalan.<\/p>\n\n\n\n<h2 class=\"wp-block-heading\">Brauchtum<\/h2>\n\n\n\n<p>Das Brauchtum, das mit diesem Tage zusammenh\u00e4ngt, d\u00fcrfte uralt und vorchristlichen<br>Ursprungs sein. Dass die Zeit von Ende Februar auf den M\u00e4rz hin, wo die Sonne wiederum<br>ihre w\u00e4rmenden Strahlen sendet, eine rituelle heidnische Bedeutung hatte. Denn Mitte<br>Februar wurde in Rom die <code>Luperkalien<\/code> als Reinigungs- und Fruchtbarkeitsfest gefeiert.<br>Durch den Funken Sonntag wird heute noch der anbrechende Fr\u00fchling der sich durch die<br>ersten Schneegl\u00f6ckchen ank\u00fcndigt begr\u00fcsst. Mit Feuerzauber will man auch den b\u00f6sen<br>Wintergeistern zu Leibe r\u00fccken.<\/p>\n\n\n\n<p><\/p>\n","protected":false},"excerpt":{"rendered":"<p>Im Jahr 1971 wurde die Funkenzunft Hinterdorf gegr\u00fcndet.Der erster Funkenmeister hiess Hasler Arthur.Der aktuelle Funkenmeister ist Batlineer PatrickDer aktuelle Vietze [&hellip;]<\/p>\n","protected":false},"author":1,"featured_media":0,"parent":0,"menu_order":0,"comment_status":"closed","ping_status":"closed","template":"","meta":{"site-sidebar-layout":"default","site-content-layout":"","ast-site-content-layout":"default","site-content-style":"default","site-sidebar-style":"default","ast-global-header-display":"","ast-banner-title-visibility":"","ast-main-header-display":"","ast-hfb-above-header-display":"","ast-hfb-below-header-display":"","ast-hfb-mobile-header-display":"","site-post-title":"","ast-breadcrumbs-content":"","ast-featured-img":"","footer-sml-layout":"","ast-disable-related-posts":"","theme-transparent-header-meta":"","adv-header-id-meta":"","stick-header-meta":"","header-above-stick-meta":"","header-main-stick-meta":"","header-below-stick-meta":"","astra-migrate-meta-layouts":"default","ast-page-background-enabled":"default","ast-page-background-meta":{"desktop":{"background-color":"var(--ast-global-color-5)","background-image":"","background-repeat":"repeat","background-position":"center center","background-size":"auto","background-attachment":"scroll","background-type":"","background-media":"","overlay-type":"","overlay-color":"","overlay-opacity":"","overlay-gradient":""},"tablet":{"background-color":"","background-image":"","background-repeat":"repeat","background-position":"center center","background-size":"auto","background-attachment":"scroll","background-type":"","background-media":"","overlay-type":"","overlay-color":"","overlay-opacity":"","overlay-gradient":""},"mobile":{"background-color":"","background-image":"","background-repeat":"repeat","background-position":"center center","background-size":"auto","background-attachment":"scroll","background-type":"","background-media":"","overlay-type":"","overlay-color":"","overlay-opacity":"","overlay-gradient":""}},"ast-content-background-meta":{"desktop":{"background-color":"var(--ast-global-color-4)","background-image":"","background-repeat":"repeat","background-position":"center center","background-size":"auto","background-attachment":"scroll","background-type":"","background-media":"","overlay-type":"","overlay-color":"","overlay-opacity":"","overlay-gradient":""},"tablet":{"background-color":"var(--ast-global-color-4)","background-image":"","background-repeat":"repeat","background-position":"center center","background-size":"auto","background-attachment":"scroll","background-type":"","background-media":"","overlay-type":"","overlay-color":"","overlay-opacity":"","overlay-gradient":""},"mobile":{"background-color":"var(--ast-global-color-4)","background-image":"","background-repeat":"repeat","background-position":"center center","background-size":"auto","background-attachment":"scroll","background-type":"","background-media":"","overlay-type":"","overlay-color":"","overlay-opacity":"","overlay-gradient":""}},"footnotes":""},"class_list":["post-8","page","type-page","status-publish","hentry"],"_links":{"self":[{"href":"https:\/\/www.hinterdorf.li\/index.php?rest_route=\/wp\/v2\/pages\/8","targetHints":{"allow":["GET"]}}],"collection":[{"href":"https:\/\/www.hinterdorf.li\/index.php?rest_route=\/wp\/v2\/pages"}],"about":[{"href":"https:\/\/www.hinterdorf.li\/index.php?rest_route=\/wp\/v2\/types\/page"}],"author":[{"embeddable":true,"href":"https:\/\/www.hinterdorf.li\/index.php?rest_route=\/wp\/v2\/users\/1"}],"replies":[{"embeddable":true,"href":"https:\/\/www.hinterdorf.li\/index.php?rest_route=%2Fwp%2Fv2%2Fcomments&post=8"}],"version-history":[{"count":5,"href":"https:\/\/www.hinterdorf.li\/index.php?rest_route=\/wp\/v2\/pages\/8\/revisions"}],"predecessor-version":[{"id":170,"href":"https:\/\/www.hinterdorf.li\/index.php?rest_route=\/wp\/v2\/pages\/8\/revisions\/170"}],"wp:attachment":[{"href":"https:\/\/www.hinterdorf.li\/index.php?rest_route=%2Fwp%2Fv2%2Fmedia&parent=8"}],"curies":[{"name":"wp","href":"https:\/\/api.w.org\/{rel}","templated":true}]}}